{"id":1197,"date":"2015-01-27T20:55:47","date_gmt":"2015-01-27T20:55:47","guid":{"rendered":"http:\/\/batoncete.com\/archivofotografico\/?page_id=1197"},"modified":"2015-05-21T21:25:58","modified_gmt":"2015-05-21T21:25:58","slug":"ano-1978","status":"publish","type":"page","link":"http:\/\/archivofotograficodelamanga.com\/?page_id=1197","title":{"rendered":"A\u00f1o 1978"},"content":{"rendered":"<hr \/>\n<p><img decoding=\"async\" loading=\"lazy\" class=\"aligncenter size-large wp-image-1508\" src=\"http:\/\/batoncete.com\/archivofotografico\/wp-content\/uploads\/2015\/01\/AEREA_1978_JCL_05-1024x533.jpg\" alt=\"AEREA_1978_JCL_05\" width=\"904\" height=\"471\" srcset=\"http:\/\/archivofotograficodelamanga.com\/wp-content\/uploads\/2015\/01\/AEREA_1978_JCL_05-1024x533.jpg 1024w, http:\/\/archivofotograficodelamanga.com\/wp-content\/uploads\/2015\/01\/AEREA_1978_JCL_05-300x156.jpg 300w, http:\/\/archivofotograficodelamanga.com\/wp-content\/uploads\/2015\/01\/AEREA_1978_JCL_05-904x470.jpg 904w, http:\/\/archivofotograficodelamanga.com\/wp-content\/uploads\/2015\/01\/AEREA_1978_JCL_05.jpg 1051w\" sizes=\"(max-width: 904px) 100vw, 904px\" \/><\/p>\n<hr \/>\n<p><img decoding=\"async\" loading=\"lazy\" class=\"aligncenter size-large wp-image-1443\" src=\"http:\/\/batoncete.com\/archivofotografico\/wp-content\/uploads\/2015\/01\/AEREA_1978_JCL_04-1024x533.jpg\" alt=\"AEREA_1978_JCL_04\" width=\"904\" height=\"471\" srcset=\"http:\/\/archivofotograficodelamanga.com\/wp-content\/uploads\/2015\/01\/AEREA_1978_JCL_04-1024x533.jpg 1024w, http:\/\/archivofotograficodelamanga.com\/wp-content\/uploads\/2015\/01\/AEREA_1978_JCL_04-300x156.jpg 300w, http:\/\/archivofotograficodelamanga.com\/wp-content\/uploads\/2015\/01\/AEREA_1978_JCL_04-904x470.jpg 904w, http:\/\/archivofotograficodelamanga.com\/wp-content\/uploads\/2015\/01\/AEREA_1978_JCL_04.jpg 1051w\" sizes=\"(max-width: 904px) 100vw, 904px\" \/><\/p>\n<hr \/>\n<p><img decoding=\"async\" loading=\"lazy\" class=\"aligncenter size-large wp-image-1378\" src=\"http:\/\/batoncete.com\/archivofotografico\/wp-content\/uploads\/2015\/01\/AEREA_1978_JCL_03-1024x533.jpg\" alt=\"AEREA_1978_JCL_03\" width=\"904\" height=\"471\" srcset=\"http:\/\/archivofotograficodelamanga.com\/wp-content\/uploads\/2015\/01\/AEREA_1978_JCL_03-1024x533.jpg 1024w, http:\/\/archivofotograficodelamanga.com\/wp-content\/uploads\/2015\/01\/AEREA_1978_JCL_03-300x156.jpg 300w, http:\/\/archivofotograficodelamanga.com\/wp-content\/uploads\/2015\/01\/AEREA_1978_JCL_03-904x470.jpg 904w, http:\/\/archivofotograficodelamanga.com\/wp-content\/uploads\/2015\/01\/AEREA_1978_JCL_03.jpg 1051w\" sizes=\"(max-width: 904px) 100vw, 904px\" \/><\/p>\n<hr \/>\n<p><img decoding=\"async\" loading=\"lazy\" class=\"aligncenter size-large wp-image-1212\" src=\"http:\/\/batoncete.com\/archivofotografico\/wp-content\/uploads\/2015\/01\/AEREA_1978_JCL_02-1024x533.jpg\" alt=\"AEREA_1978_JCL_02\" width=\"904\" height=\"471\" srcset=\"http:\/\/archivofotograficodelamanga.com\/wp-content\/uploads\/2015\/01\/AEREA_1978_JCL_02-1024x533.jpg 1024w, http:\/\/archivofotograficodelamanga.com\/wp-content\/uploads\/2015\/01\/AEREA_1978_JCL_02-300x156.jpg 300w, http:\/\/archivofotograficodelamanga.com\/wp-content\/uploads\/2015\/01\/AEREA_1978_JCL_02-904x470.jpg 904w, http:\/\/archivofotograficodelamanga.com\/wp-content\/uploads\/2015\/01\/AEREA_1978_JCL_02.jpg 1051w\" sizes=\"(max-width: 904px) 100vw, 904px\" \/><\/p>\n<hr \/>\n<p><img decoding=\"async\" loading=\"lazy\" class=\"aligncenter size-large wp-image-1198\" src=\"http:\/\/batoncete.com\/archivofotografico\/wp-content\/uploads\/2015\/01\/AEREA_1978_JCL_01-1024x533.jpg\" alt=\"AEREA_1978_JCL_01\" width=\"904\" height=\"471\" srcset=\"http:\/\/archivofotograficodelamanga.com\/wp-content\/uploads\/2015\/01\/AEREA_1978_JCL_01-1024x533.jpg 1024w, http:\/\/archivofotograficodelamanga.com\/wp-content\/uploads\/2015\/01\/AEREA_1978_JCL_01-300x156.jpg 300w, http:\/\/archivofotograficodelamanga.com\/wp-content\/uploads\/2015\/01\/AEREA_1978_JCL_01-904x470.jpg 904w, http:\/\/archivofotograficodelamanga.com\/wp-content\/uploads\/2015\/01\/AEREA_1978_JCL_01.jpg 1051w\" sizes=\"(max-width: 904px) 100vw, 904px\" \/><\/p>\n<hr \/>\n<p><em>Origen de los datos: La Direcci\u00f3n General del Instituto Geogr\u00e1fico Nacional, del Ministerio de Fomento<\/em><\/p>\n","protected":false},"excerpt":{"rendered":"<p>Origen de los datos: La Direcci\u00f3n General del Instituto Geogr\u00e1fico Nacional, del Ministerio de Fomento<\/p>\n","protected":false},"author":2,"featured_media":0,"parent":1162,"menu_order":0,"comment_status":"closed","ping_status":"closed","template":"","meta":{"_mi_skip_tracking":false},"yoast_head":"<!-- This site is optimized with the Yoast SEO plugin v19.10 - https:\/\/yoast.com\/wordpress\/plugins\/seo\/ -->\n<title>A\u00f1o 1978 - Archivo Fotogr\u00e1fico La Manga del Mar Menor<\/title>\n<meta name=\"robots\" content=\"index, follow, max-snippet:-1, max-image-preview:large, max-video-preview:-1\" \/>\n<link rel=\"canonical\" href=\"https:\/\/archivofotograficodelamanga.com\/?page_id=1197\" \/>\n<meta property=\"og:locale\" content=\"es_ES\" \/>\n<meta property=\"og:type\" content=\"article\" \/>\n<meta property=\"og:title\" content=\"A\u00f1o 1978 - Archivo Fotogr\u00e1fico La Manga del Mar Menor\" \/>\n<meta property=\"og:description\" content=\"Origen de los datos: La Direcci\u00f3n General del Instituto Geogr\u00e1fico Nacional, del Ministerio de Fomento\" \/>\n<meta property=\"og:url\" content=\"https:\/\/archivofotograficodelamanga.com\/?page_id=1197\" \/>\n<meta property=\"og:site_name\" content=\"Archivo Fotogr\u00e1fico La Manga del Mar Menor\" \/>\n<meta property=\"article:modified_time\" content=\"2015-05-21T21:25:58+00:00\" \/>\n<meta property=\"og:image\" content=\"http:\/\/batoncete.com\/archivofotografico\/wp-content\/uploads\/2015\/01\/AEREA_1978_JCL_05-1024x533.jpg\" \/>\n<script type=\"application\/ld+json\" class=\"yoast-schema-graph\">{\"@context\":\"https:\/\/schema.org\",\"@graph\":[{\"@type\":\"WebPage\",\"@id\":\"https:\/\/archivofotograficodelamanga.com\/?page_id=1197\",\"url\":\"https:\/\/archivofotograficodelamanga.com\/?page_id=1197\",\"name\":\"A\u00f1o 1978 - Archivo Fotogr\u00e1fico La Manga del Mar Menor\",\"isPartOf\":{\"@id\":\"https:\/\/archivofotograficodelamanga.com\/#website\"},\"datePublished\":\"2015-01-27T20:55:47+00:00\",\"dateModified\":\"2015-05-21T21:25:58+00:00\",\"breadcrumb\":{\"@id\":\"https:\/\/archivofotograficodelamanga.com\/?page_id=1197#breadcrumb\"},\"inLanguage\":\"es\",\"potentialAction\":[{\"@type\":\"ReadAction\",\"target\":[\"https:\/\/archivofotograficodelamanga.com\/?page_id=1197\"]}]},{\"@type\":\"BreadcrumbList\",\"@id\":\"https:\/\/archivofotograficodelamanga.com\/?page_id=1197#breadcrumb\",\"itemListElement\":[{\"@type\":\"ListItem\",\"position\":1,\"name\":\"Portada\",\"item\":\"https:\/\/archivofotograficodelamanga.com\/\"},{\"@type\":\"ListItem\",\"position\":2,\"name\":\"Fotos\",\"item\":\"https:\/\/archivofotograficodelamanga.com\/?page_id=132\"},{\"@type\":\"ListItem\",\"position\":3,\"name\":\"La Manga A\u00e9rea\",\"item\":\"https:\/\/archivofotograficodelamanga.com\/?page_id=1162\"},{\"@type\":\"ListItem\",\"position\":4,\"name\":\"A\u00f1o 1978\"}]},{\"@type\":\"WebSite\",\"@id\":\"https:\/\/archivofotograficodelamanga.com\/#website\",\"url\":\"https:\/\/archivofotograficodelamanga.com\/\",\"name\":\"Archivo Fotogr\u00e1fico La Manga del Mar Menor\",\"description\":\"\",\"potentialAction\":[{\"@type\":\"SearchAction\",\"target\":{\"@type\":\"EntryPoint\",\"urlTemplate\":\"https:\/\/archivofotograficodelamanga.com\/?s={search_term_string}\"},\"query-input\":\"required name=search_term_string\"}],\"inLanguage\":\"es\"}]}<\/script>\n<!-- \/ Yoast SEO plugin. -->","yoast_head_json":{"title":"A\u00f1o 1978 - Archivo Fotogr\u00e1fico La Manga del Mar Menor","robots":{"index":"index","follow":"follow","max-snippet":"max-snippet:-1","max-image-preview":"max-image-preview:large","max-video-preview":"max-video-preview:-1"},"canonical":"https:\/\/archivofotograficodelamanga.com\/?page_id=1197","og_locale":"es_ES","og_type":"article","og_title":"A\u00f1o 1978 - Archivo Fotogr\u00e1fico La Manga del Mar Menor","og_description":"Origen de los datos: La Direcci\u00f3n General del Instituto Geogr\u00e1fico Nacional, del Ministerio de Fomento","og_url":"https:\/\/archivofotograficodelamanga.com\/?page_id=1197","og_site_name":"Archivo Fotogr\u00e1fico La Manga del Mar Menor","article_modified_time":"2015-05-21T21:25:58+00:00","og_image":[{"url":"http:\/\/batoncete.com\/archivofotografico\/wp-content\/uploads\/2015\/01\/AEREA_1978_JCL_05-1024x533.jpg"}],"schema":{"@context":"https:\/\/schema.org","@graph":[{"@type":"WebPage","@id":"https:\/\/archivofotograficodelamanga.com\/?page_id=1197","url":"https:\/\/archivofotograficodelamanga.com\/?page_id=1197","name":"A\u00f1o 1978 - Archivo Fotogr\u00e1fico La Manga del Mar Menor","isPartOf":{"@id":"https:\/\/archivofotograficodelamanga.com\/#website"},"datePublished":"2015-01-27T20:55:47+00:00","dateModified":"2015-05-21T21:25:58+00:00","breadcrumb":{"@id":"https:\/\/archivofotograficodelamanga.com\/?page_id=1197#breadcrumb"},"inLanguage":"es","potentialAction":[{"@type":"ReadAction","target":["https:\/\/archivofotograficodelamanga.com\/?page_id=1197"]}]},{"@type":"BreadcrumbList","@id":"https:\/\/archivofotograficodelamanga.com\/?page_id=1197#breadcrumb","itemListElement":[{"@type":"ListItem","position":1,"name":"Portada","item":"https:\/\/archivofotograficodelamanga.com\/"},{"@type":"ListItem","position":2,"name":"Fotos","item":"https:\/\/archivofotograficodelamanga.com\/?page_id=132"},{"@type":"ListItem","position":3,"name":"La Manga A\u00e9rea","item":"https:\/\/archivofotograficodelamanga.com\/?page_id=1162"},{"@type":"ListItem","position":4,"name":"A\u00f1o 1978"}]},{"@type":"WebSite","@id":"https:\/\/archivofotograficodelamanga.com\/#website","url":"https:\/\/archivofotograficodelamanga.com\/","name":"Archivo Fotogr\u00e1fico La Manga del Mar Menor","description":"","potentialAction":[{"@type":"SearchAction","target":{"@type":"EntryPoint","urlTemplate":"https:\/\/archivofotograficodelamanga.com\/?s={search_term_string}"},"query-input":"required name=search_term_string"}],"inLanguage":"es"}]}},"_links":{"self":[{"href":"http:\/\/archivofotograficodelamanga.com\/index.php?rest_route=\/wp\/v2\/pages\/1197"}],"collection":[{"href":"http:\/\/archivofotograficodelamanga.com\/index.php?rest_route=\/wp\/v2\/pages"}],"about":[{"href":"http:\/\/archivofotograficodelamanga.com\/index.php?rest_route=\/wp\/v2\/types\/page"}],"author":[{"embeddable":true,"href":"http:\/\/archivofotograficodelamanga.com\/index.php?rest_route=\/wp\/v2\/users\/2"}],"replies":[{"embeddable":true,"href":"http:\/\/archivofotograficodelamanga.com\/index.php?rest_route=%2Fwp%2Fv2%2Fcomments&post=1197"}],"version-history":[{"count":7,"href":"http:\/\/archivofotograficodelamanga.com\/index.php?rest_route=\/wp\/v2\/pages\/1197\/revisions"}],"predecessor-version":[{"id":1510,"href":"http:\/\/archivofotograficodelamanga.com\/index.php?rest_route=\/wp\/v2\/pages\/1197\/revisions\/1510"}],"up":[{"embeddable":true,"href":"http:\/\/archivofotograficodelamanga.com\/index.php?rest_route=\/wp\/v2\/pages\/1162"}],"wp:attachment":[{"href":"http:\/\/archivofotograficodelamanga.com\/index.php?rest_route=%2Fwp%2Fv2%2Fmedia&parent=1197"}],"curies":[{"name":"wp","href":"https:\/\/api.w.org\/{rel}","templated":true}]}}